{"id":321,"date":"2023-11-24T20:04:39","date_gmt":"2023-11-24T20:04:39","guid":{"rendered":"https:\/\/condemed.cl\/?post_type=product&#038;p=321"},"modified":"2023-11-24T20:04:39","modified_gmt":"2023-11-24T20:04:39","slug":"sacos-de-rafia","status":"publish","type":"product","link":"https:\/\/condemed.cl\/index.php\/producto\/sacos-de-rafia\/","title":{"rendered":"Sacos de rafia"},"content":{"rendered":"<p>Polipropileno de Alta Resistencia y Duraci\u00f3n (En todos los tama\u00f1os y dise\u00f1os)<\/p>\n","protected":false},"excerpt":{"rendered":"<p>Polipropileno de Alta Resistencia y Duraci\u00f3n (En todos los tama\u00f1os y dise\u00f1os)<\/p>\n","protected":false},"featured_media":306,"template":"","meta":{"_et_pb_use_builder":"","_et_pb_old_content":"","_et_gb_content_width":"","om_disable_all_campaigns":false,"_monsterinsights_skip_tracking":false,"_monsterinsights_sitenote_active":false,"_monsterinsights_sitenote_note":"","_monsterinsights_sitenote_category":0},"product_cat":[20],"product_tag":[],"class_list":["post-321","product","type-product","status-publish","has-post-thumbnail","hentry","product_cat-insumos-medicos-y-dentales"],"aioseo_notices":[],"_links":{"self":[{"href":"https:\/\/condemed.cl\/index.php\/wp-json\/wp\/v2\/product\/321","targetHints":{"allow":["GET"]}}],"collection":[{"href":"https:\/\/condemed.cl\/index.php\/wp-json\/wp\/v2\/product"}],"about":[{"href":"https:\/\/condemed.cl\/index.php\/wp-json\/wp\/v2\/types\/product"}],"wp:featuredmedia":[{"embeddable":true,"href":"https:\/\/condemed.cl\/index.php\/wp-json\/wp\/v2\/media\/306"}],"wp:attachment":[{"href":"https:\/\/condemed.cl\/index.php\/wp-json\/wp\/v2\/media?parent=321"}],"wp:term":[{"taxonomy":"product_cat","embeddable":true,"href":"https:\/\/condemed.cl\/index.php\/wp-json\/wp\/v2\/product_cat?post=321"},{"taxonomy":"product_tag","embeddable":true,"href":"https:\/\/condemed.cl\/index.php\/wp-json\/wp\/v2\/product_tag?post=321"}],"curies":[{"name":"wp","href":"https:\/\/api.w.org\/{rel}","templated":true}]}}